{"id":506,"date":"2022-02-14T22:08:32","date_gmt":"2022-02-14T21:08:32","guid":{"rendered":"https:\/\/resiliatour.ch\/?page_id=506"},"modified":"2025-08-29T09:41:10","modified_gmt":"2025-08-29T07:41:10","slug":"intervenants","status":"publish","type":"page","link":"https:\/\/compolab.ch\/fr\/intervenants\/","title":{"rendered":"Intervenants"},"content":{"rendered":"\n<div class=\"wp-block-cover is-light\"><span aria-hidden=\"true\" class=\"wp-block-cover__background has-background-dim-0 has-background-dim\"><\/span><img loading=\"lazy\" decoding=\"async\" width=\"1500\" height=\"494\" class=\"wp-block-cover__image-background wp-image-55\" alt=\"\" src=\"https:\/\/projects.botanibot.com\/resiliatour\/app\/uploads\/2022\/02\/header_mitwirkende.jpg\" data-object-fit=\"cover\" srcset=\"https:\/\/compolab.ch\/app\/uploads\/2022\/02\/header_mitwirkende.jpg 1500w, https:\/\/compolab.ch\/app\/uploads\/2022\/02\/header_mitwirkende-300x99.jpg 300w, https:\/\/compolab.ch\/app\/uploads\/2022\/02\/header_mitwirkende-1024x337.jpg 1024w, https:\/\/compolab.ch\/app\/uploads\/2022\/02\/header_mitwirkende-768x253.jpg 768w, https:\/\/compolab.ch\/app\/uploads\/2022\/02\/header_mitwirkende-600x198.jpg 600w, https:\/\/compolab.ch\/app\/uploads\/2022\/02\/header_mitwirkende-1200x395.jpg 1200w\" sizes=\"auto, (max-width: 1500px) 100vw, 1500px\" \/><div class=\"wp-block-cover__inner-container is-layout-flow wp-block-cover-is-layout-flow\">\n<p class=\"has-text-align-center has-large-font-size\"><\/p>\n<\/div><\/div>\n\n\n\n<div class=\"wp-block-group\"><div class=\"wp-block-group__inner-container is-layout-flow wp-block-group-is-layout-flow\">\n<h2 class=\"wp-block-heading has-leafgreen-color has-text-color\" id=\"mitwirkende\"><strong>Intervenants<\/strong> <\/h2>\n\n\n\n<div class=\"wp-block-columns is-layout-flex wp-container-core-columns-is-layout-9d6595d7 wp-block-columns-is-layout-flex\">\n<div class=\"wp-block-column is-layout-flow wp-block-column-is-layout-flow\">\n<figure class=\"wp-block-gallery has-nested-images columns-default is-cropped is-style-slideshow wp-block-gallery-1 is-layout-flex wp-block-gallery-is-layout-flex\">\n<figure class=\"wp-block-image size-large\"><img loading=\"lazy\" decoding=\"async\" width=\"690\" height=\"399\" data-id=\"17\" src=\"https:\/\/projects.botanibot.com\/resiliatour\/app\/uploads\/2022\/02\/barbara1.jpg\" alt=\"\" class=\"wp-image-17\" srcset=\"https:\/\/compolab.ch\/app\/uploads\/2022\/02\/barbara1.jpg 690w, https:\/\/compolab.ch\/app\/uploads\/2022\/02\/barbara1-300x173.jpg 300w\" sizes=\"auto, (max-width: 690px) 100vw, 690px\" \/><\/figure>\n\n\n\n<figure class=\"wp-block-image size-large\"><img loading=\"lazy\" decoding=\"async\" width=\"690\" height=\"399\" data-id=\"57\" src=\"https:\/\/projects.botanibot.com\/resiliatour\/app\/uploads\/2022\/02\/barbara2.jpg\" alt=\"\" class=\"wp-image-57\" srcset=\"https:\/\/compolab.ch\/app\/uploads\/2022\/02\/barbara2.jpg 690w, https:\/\/compolab.ch\/app\/uploads\/2022\/02\/barbara2-300x173.jpg 300w, https:\/\/compolab.ch\/app\/uploads\/2022\/02\/barbara2-600x347.jpg 600w\" sizes=\"auto, (max-width: 690px) 100vw, 690px\" \/><\/figure>\n<\/figure>\n\n\n\n<h3 class=\"wp-block-heading\" id=\"barbara-rehmann\">Barbara Rehmann<\/h3>\n\n\n\n<p>Barbara Rehmann a acquis de grandes comp\u00e9tences dans les domaines de la p\u00e9dagogie par la nature, de la p\u00e9dagogie par le jeu et de la r\u00e9silience par le biais de formations, de son activit\u00e9 professionnelle et de sa collaboration \u00e0 divers &nbsp;projets.<\/p>\n\n\n\n<p>Ses int\u00e9r\u00eats sont&nbsp; multiples et elle ne cesse de s&#8217;\u00e9tonner des merveilles et des facettes hautes en couleurs de notre monde. Elle aime d\u00e9celer des contextes subtils et innover par la cr\u00e9ation. Pour elle, le travail avec ses semblables est inspirant et enrichissant. D\u00e8s son plus jeune \u00e2ge, elle se ressource dans la nature et y puise &nbsp;force et inspiration.<\/p>\n\n\n\n<p>Habite \u00e0 Brigue VS, 3 enfants adultes, n\u00e9e en 1974 \u00e0 Berne<\/p>\n\n\n\n<div class=\"wp-block-group\"><div class=\"wp-block-group__inner-container is-layout-flow wp-block-group-is-layout-flow\">\n<div class=\"wp-block-columns is-style-faq is-layout-flex wp-container-core-columns-is-layout-9d6595d7 wp-block-columns-is-layout-flex\">\n<div class=\"wp-block-column is-layout-flow wp-block-column-is-layout-flow\">\n<h4 class=\"wp-block-heading\" id=\"bildung-tatigkeitenim-bereich-resilienz-und-natur\"><strong>Formations\/Activit\u00e9s<\/strong><br><strong>dans le domaine de la r\u00e9silience et de la nature<\/strong><\/h4>\n<\/div>\n\n\n\n<div class=\"wp-block-column is-layout-flow wp-block-column-is-layout-flow\">\n<p>depuis 2022<br>Offre d&#8217;\u00e9ducation \u00e0 l&#8217;environnement pour les \u00e9coles maternelles du valais: Suivi p\u00e9dagogique de la repr\u00e9sentation th\u00e9\u00e2trale <a href=\"https:\/\/www.compagniedigestif.ch\/angebote\/superwurm\/\">\u00abSuperwurm\u00bb Compagnie Digestif<\/a><\/p>\n\n\n\n<p>2021<br>Participation \u00abSens de la vie et pleine conscience\u00bb\/ \u00abLebenssinn und Achtsamkeit\u00bb , Dr. Michael Huppertz, Hans Werner Eggemann-Dann, DE Darmstadt-Eberstadt<\/p>\n\n\n\n<p>2021 et 2022<br>Participation \u00abVivre la pleine conscience dans la nature\u00bb\/ \u00abAchtsamkeit in der Natur erleben\u00bb, Dr. Michael Huppertz, Verena Schatanek, DE Hollerb\u00fchl<\/p>\n\n\n\n<p>2020 \u2013 2021<br>CAS Entra\u00eenement \u00e0 la r\u00e9silience, Coachingzentrum Olten GmbH<\/p>\n\n\n\n<p>2018 \u2013 2020<br>Collaboratrice au Parc naturel Pfyn-Finges, team \u00e9ducation \u00e0 l\u2019environnement, domaines prioritaires: jardins scolaires, compost, guide d\u2019excursions, gardiennage<\/p>\n\n\n\n<p>2018 \u2013 2020<br>Collaboratrice de projet au parc paysager de Binntal<\/p>\n\n\n\n<p>2016 \u2013 2017<br>S\u00e9minaire intensif de p\u00e9dagogie du jeu, Spielakademie Brienz<\/p>\n\n\n\n<p>2015 \u2013 2017<br>CAS \u00e9ducation \u00e0 l\u2019environnement par la nature, ZHAW und Stiftung SILVIVA<\/p>\n\n\n\n<p>2012 \u2013 2019<br>Membre du comit\u00e9 WWF Oberwallis, d\u00e9partement des travaux scolaires, structuration du travail scolaire dans le Haut-Valais, entre autres jardins scolaires<\/p>\n<\/div>\n<\/div>\n\n\n\n<div class=\"wp-block-columns is-style-faq is-layout-flex wp-container-core-columns-is-layout-9d6595d7 wp-block-columns-is-layout-flex\">\n<div class=\"wp-block-column is-layout-flow wp-block-column-is-layout-flow\">\n<h4 class=\"wp-block-heading\" id=\"bildung-tatigkeitenim-bereich-kompost-boden\"><strong>Formations\/Activit\u00e9s<\/strong><br><strong>dans le domaine du compost\/sols<\/strong><\/h4>\n<\/div>\n\n\n\n<div class=\"wp-block-column is-layout-flow wp-block-column-is-layout-flow\">\n<p>depuis 2019<br>Responsable des cours de compostage: Bioterra Haut-Valais, lieu Tsch\u00fcdanga, Parc naturel Pfyn-Finges<\/p>\n\n\n\n<p>2019 &#8211; 2025<br>Membre du groupe d&#8217;experts conseil, Forum suisse du compost<\/p>\n\n\n\n<p>2021<br>Participation \u00abLa fertilit\u00e9 des sols et les pr\u00e9parations biodynamiques\u00bb Barbara Wenz, Flurina Zahnd, Bio Schwand AG, M\u00fcnsingen<\/p>\n\n\n\n<p>2020<br>Participation \u00abCours de base pour les collaborateurs des installations de valorisation des d\u00e9chets verts\u00bb Balsthal, Inspektorat der Kompostier- und Verg\u00e4rbranche der Schweiz<\/p>\n\n\n\n<p>2020<br>Participation \u00abGestion de l\u2019humus, cours d\u2018\u00e9tude des sols B2\u00bb&nbsp; Menzingen, Angelika L\u00fcbke-Hildebrandt, Urs Hildebrandt, Bionika AG<\/p>\n\n\n\n<p>2019<br>Participation \u00abCompostage professionnel pour l&#8217;industrie et l&#8217;agriculture\u00bb Hohenrain, Angelika L\u00fcbke-Hildebrandt, Urs Hildebrandt, Kompostforum Schweiz<\/p>\n\n\n\n<p>2019<br>Participation \u00abGestion de l\u2019humus, cours d\u2018\u00e9tude des sols B1\u00bb&nbsp; Menzingen, Angelika L\u00fcbke-Hildebrandt, Urs Hildebrandt, Bionika AG<\/p>\n<\/div>\n<\/div>\n\n\n\n<div class=\"wp-block-columns is-style-faq is-layout-flex wp-container-core-columns-is-layout-9d6595d7 wp-block-columns-is-layout-flex\">\n<div class=\"wp-block-column is-layout-flow wp-block-column-is-layout-flow\">\n<h4 class=\"wp-block-heading\" id=\"weiteres\">Autre<\/h4>\n<\/div>\n\n\n\n<div class=\"wp-block-column is-layout-flow wp-block-column-is-layout-flow\">\n<p>2024 &#8211; 2025<br>Responsable de campagnes S\u00e9curit\u00e9 sur le chemin de l&#8217;\u00e9cole, ATE Suisse<\/p>\n\n\n\n<p>2020 &#8211; 2024 Collaboratrice du service des membres, ATE Suisse <\/p>\n<\/div>\n<\/div>\n<\/div><\/div>\n<\/div>\n\n\n\n<div class=\"wp-block-column is-layout-flow wp-block-column-is-layout-flow\">\n<figure class=\"wp-block-image size-full\"><img loading=\"lazy\" decoding=\"async\" width=\"690\" height=\"399\" src=\"https:\/\/resiliatour.ch\/app\/uploads\/2025\/01\/simone.jpg\" alt=\"Simone Loretan\" class=\"wp-image-1048\" srcset=\"https:\/\/compolab.ch\/app\/uploads\/2025\/01\/simone.jpg 690w, https:\/\/compolab.ch\/app\/uploads\/2025\/01\/simone-300x173.jpg 300w, https:\/\/compolab.ch\/app\/uploads\/2025\/01\/simone-600x347.jpg 600w\" sizes=\"auto, (max-width: 690px) 100vw, 690px\" \/><\/figure>\n\n\n\n<h3 class=\"wp-block-heading\" id=\"barbara-rehmann\">Simone Loretan<\/h3>\n\n\n\n<p>n\u00e9e en 1982<br>ergoth\u00e9rapeute de formation, monitrice d&#8217;\u00e9quitation et paysanne de montagne bio<br>maman de deux enfants<br>Formation continue en Centered-riding et \u00ab be aware of yourself \u00bb (cours de deux ans sur la pratique de l&#8217;authenticit\u00e9 et de la pr\u00e9sence), ainsi que \u00ab Butterfly-Journey \u00bb (cours d&#8217;un an sur les routines attentives au quotidien).<br>Des ann\u00e9es de pratique du tai-ji<br>Passionn\u00e9e de potager, d&#8217;art, de danse et de cuisine.<\/p>\n\n\n\n<div style=\"height:18px\" aria-hidden=\"true\" class=\"wp-block-spacer\"><\/div>\n\n\n\n<figure class=\"wp-block-image size-full\"><img loading=\"lazy\" decoding=\"async\" width=\"690\" height=\"399\" src=\"https:\/\/resiliatour.ch\/app\/uploads\/2025\/01\/simone2.jpg\" alt=\"\" class=\"wp-image-1053\" srcset=\"https:\/\/compolab.ch\/app\/uploads\/2025\/01\/simone2.jpg 690w, https:\/\/compolab.ch\/app\/uploads\/2025\/01\/simone2-300x173.jpg 300w, https:\/\/compolab.ch\/app\/uploads\/2025\/01\/simone2-600x347.jpg 600w\" sizes=\"auto, (max-width: 690px) 100vw, 690px\" \/><\/figure>\n\n\n\n<h3 class=\"wp-block-heading\" id=\"barbara-rehmann\">Jennifer Skolovski<\/h3>\n\n\n\n<p>Jennifer Skolovski (4&nbsp;septembre&nbsp;1981)&nbsp;a grandi \u00e0 Lo\u00e8che-les-Bains. Elle a fr\u00e9quent\u00e9 le gymnase \u00e0 Brigue, puis la haute \u00e9cole p\u00e9dagogique \u00e0 Brigue et \u00e0 St-Maurice.&nbsp;Elle a enseign\u00e9 pendant une ann\u00e9e \u00e0 Lo\u00e8che-les-Bains, tout en suivant parall\u00e8lement une formation de p\u00e9dagogue de th\u00e9\u00e2tre \u00e0 la Haute \u00e9cole de musique et de th\u00e9\u00e2tre de Zurich.&nbsp;Elle a fr\u00e9quent\u00e9 le conservatoire de Sion o\u00f9 elle a obtenu le dipl\u00f4me de semi-professionnelle en musique.&nbsp;Pendant sept ans, elle \u00e9tait en tourn\u00e9e avec le groupe suisse de musique rock&nbsp;\u00ab&nbsp;Glen of Guinness&nbsp;\u00bb.&nbsp;En novembre 2006, elle a \u00e9t\u00e9 admise \u00e0 la haute \u00e9cole de th\u00e9\u00e2tre de mouvement \u00ab&nbsp;Scuola Teatro Dimitri&nbsp;\u00bb qu\u2019elle a termin\u00e9e avec succ\u00e8s en ao\u00fbt 2009. En 2019 elle &nbsp;fait le Master dans la m\u00eame \u00e9cole. Depuis 2014 elle dirige le lieu Treffpunkt Tsch\u00fcdanga, en 2015 elle cr\u00e9e la&nbsp;Compagnie&nbsp;Digestif, depuis 2018 elle dirige et d\u00e9veloppe le programme KinderKultur, au Th\u00e9\u00e2tre ZeughausKultur \u00e0 Brigue. Elle travaille comme artiste ind\u00e9pendante&nbsp;: jeu d\u2019actrice, danse, chant, acrobatie et art \u00e9questre sont les disciplines que Jennifer est capable de produire sur sc\u00e8ne. Des mandats de directrice artistique, de productrice, de p\u00e9dagogue de th\u00e9\u00e2tre ou de metteuse en sc\u00e8ne compl\u00e8tent sa palette d\u2019activit\u00e9s comme professionnelle de th\u00e9\u00e2tre.<\/p>\n<\/div>\n<\/div>\n<\/div><\/div>\n\n\n\n<div class=\"wp-block-group has-white-color has-leafgreen-background-color has-text-color has-background\"><div class=\"wp-block-group__inner-container is-layout-flow wp-block-group-is-layout-flow\">\n<blockquote class=\"wp-block-quote has-text-align-center is-style-plain is-layout-flow wp-block-quote-is-layout-flow\">\n<p>\u00abNotre pr\u00e9occupation est de cultiver la diversit\u00e9<br>chez l&#8217;\u00eatre humain, soutenir les personnes dans leur auto-<br>exploration et renforcer leurs ressources.<em>\u00bb<\/em><\/p>\n<cite><br>Barbara Rehmann<\/cite><\/blockquote>\n<\/div><\/div>\n","protected":false},"excerpt":{"rendered":"<p>Intervenants Barbara Rehmann Barbara Rehmann a acquis de grandes comp\u00e9tences dans les domaines de la p\u00e9dagogie par la nature, de la p\u00e9dagogie par le jeu et de la r\u00e9silience par le biais de formations, de son activit\u00e9 professionnelle et de sa collaboration \u00e0 divers &nbsp;projets. Ses int\u00e9r\u00eats sont&nbsp; multiples et elle ne cesse de s&#8217;\u00e9tonner [&hellip;]<\/p>\n","protected":false},"author":2,"featured_media":0,"parent":0,"menu_order":0,"comment_status":"closed","ping_status":"closed","template":"","meta":{"_acf_changed":false,"inline_featured_image":false,"footnotes":""},"class_list":["post-506","page","type-page","status-publish","hentry"],"acf":[],"yoast_head":"<!-- This site is optimized with the Yoast SEO plugin v26.4 - https:\/\/yoast.com\/wordpress\/plugins\/seo\/ -->\n<title>Intervenants - resiliatour Brig<\/title>\n<meta name=\"robots\" content=\"index, follow, max-snippet:-1, max-image-preview:large, max-video-preview:-1\" \/>\n<link rel=\"canonical\" href=\"https:\/\/compolab.ch\/fr\/intervenants\/\" \/>\n<meta property=\"og:locale\" content=\"fr_FR\" \/>\n<meta property=\"og:type\" content=\"article\" \/>\n<meta property=\"og:title\" content=\"Intervenants - resiliatour Brig\" \/>\n<meta property=\"og:description\" content=\"Intervenants Barbara Rehmann Barbara Rehmann a acquis de grandes comp\u00e9tences dans les domaines de la p\u00e9dagogie par la nature, de la p\u00e9dagogie par le jeu et de la r\u00e9silience par le biais de formations, de son activit\u00e9 professionnelle et de sa collaboration \u00e0 divers &nbsp;projets. Ses int\u00e9r\u00eats sont&nbsp; multiples et elle ne cesse de s&#8217;\u00e9tonner [&hellip;]\" \/>\n<meta property=\"og:url\" content=\"https:\/\/compolab.ch\/fr\/intervenants\/\" \/>\n<meta property=\"og:site_name\" content=\"resiliatour Brig\" \/>\n<meta property=\"article:publisher\" content=\"https:\/\/facebook.com\/resiliatour\" \/>\n<meta property=\"article:modified_time\" content=\"2025-08-29T07:41:10+00:00\" \/>\n<meta property=\"og:image\" content=\"https:\/\/projects.botanibot.com\/resiliatour\/app\/uploads\/2022\/02\/header_mitwirkende.jpg\" \/>\n<meta name=\"twitter:card\" content=\"summary_large_image\" \/>\n<meta name=\"twitter:label1\" content=\"Est. reading time\" \/>\n\t<meta name=\"twitter:data1\" content=\"5 minutes\" \/>\n<script type=\"application\/ld+json\" class=\"yoast-schema-graph\">{\"@context\":\"https:\/\/schema.org\",\"@graph\":[{\"@type\":\"WebPage\",\"@id\":\"https:\/\/compolab.ch\/fr\/intervenants\/\",\"url\":\"https:\/\/compolab.ch\/fr\/intervenants\/\",\"name\":\"Intervenants - resiliatour Brig\",\"isPartOf\":{\"@id\":\"https:\/\/www.compolab.ch\/#website\"},\"primaryImageOfPage\":{\"@id\":\"https:\/\/compolab.ch\/fr\/intervenants\/#primaryimage\"},\"image\":{\"@id\":\"https:\/\/compolab.ch\/fr\/intervenants\/#primaryimage\"},\"thumbnailUrl\":\"https:\/\/projects.botanibot.com\/resiliatour\/app\/uploads\/2022\/02\/header_mitwirkende.jpg\",\"datePublished\":\"2022-02-14T21:08:32+00:00\",\"dateModified\":\"2025-08-29T07:41:10+00:00\",\"breadcrumb\":{\"@id\":\"https:\/\/compolab.ch\/fr\/intervenants\/#breadcrumb\"},\"inLanguage\":\"fr-FR\",\"potentialAction\":[{\"@type\":\"ReadAction\",\"target\":[\"https:\/\/compolab.ch\/fr\/intervenants\/\"]}]},{\"@type\":\"ImageObject\",\"inLanguage\":\"fr-FR\",\"@id\":\"https:\/\/compolab.ch\/fr\/intervenants\/#primaryimage\",\"url\":\"https:\/\/projects.botanibot.com\/resiliatour\/app\/uploads\/2022\/02\/header_mitwirkende.jpg\",\"contentUrl\":\"https:\/\/projects.botanibot.com\/resiliatour\/app\/uploads\/2022\/02\/header_mitwirkende.jpg\"},{\"@type\":\"BreadcrumbList\",\"@id\":\"https:\/\/compolab.ch\/fr\/intervenants\/#breadcrumb\",\"itemListElement\":[{\"@type\":\"ListItem\",\"position\":1,\"name\":\"Startseite\",\"item\":\"https:\/\/compolab.ch\/fr\/\"},{\"@type\":\"ListItem\",\"position\":2,\"name\":\"Intervenants\"}]},{\"@type\":\"WebSite\",\"@id\":\"https:\/\/www.compolab.ch\/#website\",\"url\":\"https:\/\/www.compolab.ch\/\",\"name\":\"resiliatour\",\"description\":\"resilienz st\u00e4rken, renforcer sa r\u00e9silience\",\"publisher\":{\"@id\":\"https:\/\/www.compolab.ch\/#organization\"},\"potentialAction\":[{\"@type\":\"SearchAction\",\"target\":{\"@type\":\"EntryPoint\",\"urlTemplate\":\"https:\/\/www.compolab.ch\/?s={search_term_string}\"},\"query-input\":{\"@type\":\"PropertyValueSpecification\",\"valueRequired\":true,\"valueName\":\"search_term_string\"}}],\"inLanguage\":\"fr-FR\"},{\"@type\":\"Organization\",\"@id\":\"https:\/\/www.compolab.ch\/#organization\",\"name\":\"resiliatour GmbH\",\"url\":\"https:\/\/www.compolab.ch\/\",\"logo\":{\"@type\":\"ImageObject\",\"inLanguage\":\"fr-FR\",\"@id\":\"https:\/\/www.compolab.ch\/#\/schema\/logo\/image\/\",\"url\":\"https:\/\/resiliatour.ch\/app\/uploads\/2022\/02\/cropped-favicon.jpg\",\"contentUrl\":\"https:\/\/resiliatour.ch\/app\/uploads\/2022\/02\/cropped-favicon.jpg\",\"width\":512,\"height\":512,\"caption\":\"resiliatour GmbH\"},\"image\":{\"@id\":\"https:\/\/www.compolab.ch\/#\/schema\/logo\/image\/\"},\"sameAs\":[\"https:\/\/facebook.com\/resiliatour\",\"https:\/\/linkedin.com\/company\/resiliatour\"]}]}<\/script>\n<!-- \/ Yoast SEO plugin. -->","yoast_head_json":{"title":"Intervenants - resiliatour Brig","robots":{"index":"index","follow":"follow","max-snippet":"max-snippet:-1","max-image-preview":"max-image-preview:large","max-video-preview":"max-video-preview:-1"},"canonical":"https:\/\/compolab.ch\/fr\/intervenants\/","og_locale":"fr_FR","og_type":"article","og_title":"Intervenants - resiliatour Brig","og_description":"Intervenants Barbara Rehmann Barbara Rehmann a acquis de grandes comp\u00e9tences dans les domaines de la p\u00e9dagogie par la nature, de la p\u00e9dagogie par le jeu et de la r\u00e9silience par le biais de formations, de son activit\u00e9 professionnelle et de sa collaboration \u00e0 divers &nbsp;projets. Ses int\u00e9r\u00eats sont&nbsp; multiples et elle ne cesse de s&#8217;\u00e9tonner [&hellip;]","og_url":"https:\/\/compolab.ch\/fr\/intervenants\/","og_site_name":"resiliatour Brig","article_publisher":"https:\/\/facebook.com\/resiliatour","article_modified_time":"2025-08-29T07:41:10+00:00","og_image":[{"url":"https:\/\/projects.botanibot.com\/resiliatour\/app\/uploads\/2022\/02\/header_mitwirkende.jpg","type":"","width":"","height":""}],"twitter_card":"summary_large_image","twitter_misc":{"Est. reading time":"5 minutes"},"schema":{"@context":"https:\/\/schema.org","@graph":[{"@type":"WebPage","@id":"https:\/\/compolab.ch\/fr\/intervenants\/","url":"https:\/\/compolab.ch\/fr\/intervenants\/","name":"Intervenants - resiliatour Brig","isPartOf":{"@id":"https:\/\/www.compolab.ch\/#website"},"primaryImageOfPage":{"@id":"https:\/\/compolab.ch\/fr\/intervenants\/#primaryimage"},"image":{"@id":"https:\/\/compolab.ch\/fr\/intervenants\/#primaryimage"},"thumbnailUrl":"https:\/\/projects.botanibot.com\/resiliatour\/app\/uploads\/2022\/02\/header_mitwirkende.jpg","datePublished":"2022-02-14T21:08:32+00:00","dateModified":"2025-08-29T07:41:10+00:00","breadcrumb":{"@id":"https:\/\/compolab.ch\/fr\/intervenants\/#breadcrumb"},"inLanguage":"fr-FR","potentialAction":[{"@type":"ReadAction","target":["https:\/\/compolab.ch\/fr\/intervenants\/"]}]},{"@type":"ImageObject","inLanguage":"fr-FR","@id":"https:\/\/compolab.ch\/fr\/intervenants\/#primaryimage","url":"https:\/\/projects.botanibot.com\/resiliatour\/app\/uploads\/2022\/02\/header_mitwirkende.jpg","contentUrl":"https:\/\/projects.botanibot.com\/resiliatour\/app\/uploads\/2022\/02\/header_mitwirkende.jpg"},{"@type":"BreadcrumbList","@id":"https:\/\/compolab.ch\/fr\/intervenants\/#breadcrumb","itemListElement":[{"@type":"ListItem","position":1,"name":"Startseite","item":"https:\/\/compolab.ch\/fr\/"},{"@type":"ListItem","position":2,"name":"Intervenants"}]},{"@type":"WebSite","@id":"https:\/\/www.compolab.ch\/#website","url":"https:\/\/www.compolab.ch\/","name":"resiliatour","description":"resilienz st\u00e4rken, renforcer sa r\u00e9silience","publisher":{"@id":"https:\/\/www.compolab.ch\/#organization"},"potentialAction":[{"@type":"SearchAction","target":{"@type":"EntryPoint","urlTemplate":"https:\/\/www.compolab.ch\/?s={search_term_string}"},"query-input":{"@type":"PropertyValueSpecification","valueRequired":true,"valueName":"search_term_string"}}],"inLanguage":"fr-FR"},{"@type":"Organization","@id":"https:\/\/www.compolab.ch\/#organization","name":"resiliatour GmbH","url":"https:\/\/www.compolab.ch\/","logo":{"@type":"ImageObject","inLanguage":"fr-FR","@id":"https:\/\/www.compolab.ch\/#\/schema\/logo\/image\/","url":"https:\/\/resiliatour.ch\/app\/uploads\/2022\/02\/cropped-favicon.jpg","contentUrl":"https:\/\/resiliatour.ch\/app\/uploads\/2022\/02\/cropped-favicon.jpg","width":512,"height":512,"caption":"resiliatour GmbH"},"image":{"@id":"https:\/\/www.compolab.ch\/#\/schema\/logo\/image\/"},"sameAs":["https:\/\/facebook.com\/resiliatour","https:\/\/linkedin.com\/company\/resiliatour"]}]}},"_links":{"self":[{"href":"https:\/\/compolab.ch\/fr\/wp-json\/wp\/v2\/pages\/506","targetHints":{"allow":["GET"]}}],"collection":[{"href":"https:\/\/compolab.ch\/fr\/wp-json\/wp\/v2\/pages"}],"about":[{"href":"https:\/\/compolab.ch\/fr\/wp-json\/wp\/v2\/types\/page"}],"author":[{"embeddable":true,"href":"https:\/\/compolab.ch\/fr\/wp-json\/wp\/v2\/users\/2"}],"replies":[{"embeddable":true,"href":"https:\/\/compolab.ch\/fr\/wp-json\/wp\/v2\/comments?post=506"}],"version-history":[{"count":31,"href":"https:\/\/compolab.ch\/fr\/wp-json\/wp\/v2\/pages\/506\/revisions"}],"predecessor-version":[{"id":1199,"href":"https:\/\/compolab.ch\/fr\/wp-json\/wp\/v2\/pages\/506\/revisions\/1199"}],"wp:attachment":[{"href":"https:\/\/compolab.ch\/fr\/wp-json\/wp\/v2\/media?parent=506"}],"curies":[{"name":"wp","href":"https:\/\/api.w.org\/{rel}","templated":true}]}}