{"id":517,"date":"2022-02-14T20:15:38","date_gmt":"2022-02-14T19:15:38","guid":{"rendered":"https:\/\/resiliatour.ch\/?page_id=517"},"modified":"2025-12-30T20:58:08","modified_gmt":"2025-12-30T19:58:08","slug":"title-resiliatour-sarl-brigue-resilience-pleine-conscience-bain-de-foret","status":"publish","type":"page","link":"https:\/\/compolab.ch\/fr\/","title":{"rendered":"Startseite"},"content":{"rendered":"\n<div class=\"wp-block-cover is-light\" style=\"min-height:100vh;aspect-ratio:unset;\"><img loading=\"lazy\" decoding=\"async\" width=\"1024\" height=\"600\" class=\"wp-block-cover__image-background wp-image-1246 size-large\" alt=\"compolab\" src=\"https:\/\/www.compolab.ch\/app\/uploads\/2025\/11\/start_web-1024x600.jpg\" data-object-fit=\"cover\" srcset=\"https:\/\/compolab.ch\/app\/uploads\/2025\/11\/start_web-1024x600.jpg 1024w, https:\/\/compolab.ch\/app\/uploads\/2025\/11\/start_web-300x176.jpg 300w, https:\/\/compolab.ch\/app\/uploads\/2025\/11\/start_web-768x450.jpg 768w, https:\/\/compolab.ch\/app\/uploads\/2025\/11\/start_web-600x352.jpg 600w, https:\/\/compolab.ch\/app\/uploads\/2025\/11\/start_web-1200x703.jpg 1200w, https:\/\/compolab.ch\/app\/uploads\/2025\/11\/start_web.jpg 1500w\" sizes=\"auto, (max-width: 1024px) 100vw, 1024px\" \/><span aria-hidden=\"true\" class=\"wp-block-cover__background has-background-dim-0 has-background-dim\" style=\"background-color:#937f73\"><\/span><div class=\"wp-block-cover__inner-container is-layout-flow wp-block-cover-is-layout-flow\">\n<div class=\"wp-block-group\"><div class=\"wp-block-group__inner-container is-layout-constrained wp-block-group-is-layout-constrained\">\n<h1 class=\"wp-block-heading\" id=\"resilienz-starken-renforcer-sa-resilience\"><mark style=\"background-color:rgba(0, 0, 0, 0)\" class=\"has-inline-color has-white-color\">kompostiere heute \u2013 <br>humus pour demain<\/mark><\/h1>\n\n\n\n<p id=\"angebote-2022\"><mark style=\"background-color:rgba(0, 0, 0, 0)\" class=\"has-inline-color has-white-color\"><strong>Les offres 2026<\/strong><\/mark><\/p>\n\n\n\n<div class=\"wp-block-group has-white-color has-leafgreen-background-color has-text-color has-background\"><div class=\"wp-block-group__inner-container is-layout-flow wp-block-group-is-layout-flow\">\n<p><strong><strong><a href=\"https:\/\/www.compolab.ch\/fr\/event\/kompostieren-im-hausgarten-oder-auf-dem-balkon-grundkurs-in-brig-april-2026\/\">Cours de base: Composter au jardin ou sur le balcon<\/a><\/strong><\/strong><br>Brigue VS: Samedi 18 avril 2026<\/p>\n<\/div><\/div>\n\n\n\n<div style=\"height:32px\" aria-hidden=\"true\" class=\"wp-block-spacer\"><\/div>\n\n\n\n<div class=\"wp-block-group has-white-color has-leafgreen-background-color has-text-color has-background\"><div class=\"wp-block-group__inner-container is-layout-flow wp-block-group-is-layout-flow\">\n<p><strong><strong><a href=\"https:\/\/www.compolab.ch\/fr\/event\/kompostberatung\/\">Conseil en compostage<\/a><\/strong><\/strong><br>Visioconf\u00e9rence, t\u00e9l\u00e9phone ou sur place<\/p>\n<\/div><\/div>\n<\/div><\/div>\n<\/div><\/div>\n\n\n\n<div class=\"wp-block-group quote-balken has-white-color has-leafgreen-background-color has-text-color has-background\"><div class=\"wp-block-group__inner-container is-layout-flow wp-block-group-is-layout-flow\">\n<blockquote class=\"wp-block-quote has-text-align-center is-style-plain is-layout-flow wp-block-quote-is-layout-flow\">\n<p>\u00ab Le sol est le fondement silencieux de toute vie sur la terre ferme \u2014 un tissu vivant, intimement entrem\u00eal\u00e9 \u00e0 tout, qui abrite des milliards d\u2019organismes, respire et absorbe puis restitue l\u2019eau ainsi que les nutriments. \u00bb<\/p>\n<cite><br>Barbara Rehmann<\/cite><\/blockquote>\n<\/div><\/div>\n\n\n\n<div class=\"wp-block-group has-olivegreen-color has-text-color\"><div class=\"wp-block-group__inner-container is-layout-flow wp-block-group-is-layout-flow\">\n<p>   <br>  <\/p>\n\n\n\n<div class=\"wp-block-columns is-layout-flex wp-container-core-columns-is-layout-9d6595d7 wp-block-columns-is-layout-flex\">\n<div class=\"wp-block-column is-layout-flow wp-block-column-is-layout-flow\">\n<figure class=\"wp-block-image size-full\"><a href=\"https:\/\/resiliatour.ch\/fr\/intervenants\/\"><img loading=\"lazy\" decoding=\"async\" width=\"690\" height=\"399\" src=\"https:\/\/projects.botanibot.com\/resiliatour\/app\/uploads\/2022\/02\/barbara1.jpg\" alt=\"\" class=\"wp-image-17\" srcset=\"https:\/\/compolab.ch\/app\/uploads\/2022\/02\/barbara1.jpg 690w, https:\/\/compolab.ch\/app\/uploads\/2022\/02\/barbara1-300x173.jpg 300w\" sizes=\"auto, (max-width: 690px) 100vw, 690px\" \/><\/a><\/figure>\n\n\n\n<h2 class=\"wp-block-heading\" id=\"barbara-rehmann\">Barbara Rehmann<\/h2>\n\n\n\n<p>Barbara Rehmann a acquis des comp\u00e9tences dans les domaines du compostage, de la sant\u00e9 des sols et de la p\u00e9dagogie par la nature par le biais de formations, de son activit\u00e9 professionnelle et de sa collaboration \u00e0 divers projets.<\/p>\n<\/div>\n<\/div>\n\n\n\n<blockquote class=\"wp-block-quote has-text-align-center is-style-plain is-layout-flow wp-block-quote-is-layout-flow\">\n<p><mark style=\"background-color:rgba(0, 0, 0, 0)\" class=\"has-inline-color has-leafgreen-color\">\u00ab Les sols fertiles se forment tr\u00e8s lentement et sont consid\u00e9r\u00e9s, \u00e0 l\u2019\u00e9chelle du temps humain, comme pratiquement non renouvelables. Selon le site, la formation de 1 cm d\u2019humus peut prendre de 100 \u00e0 1 000 ans. Gr\u00e2ce au compostage, les mati\u00e8res organiques restent dans le cycle naturel. Elles sont r\u00e9introduites dans le sol sous une forme stable et facilement assimilable par les organismes du sol, contribuant ainsi de mani\u00e8re importante \u00e0 la formation de l\u2019humus.\u00a0\u00bb<\/mark><\/p>\n<\/blockquote>\n<\/div><\/div>\n\n\n\n<div class=\"wp-block-cover is-light\"><img loading=\"lazy\" decoding=\"async\" width=\"1024\" height=\"337\" class=\"wp-block-cover__image-background wp-image-1574 size-large\" alt=\"\" src=\"https:\/\/www.compolab.ch\/app\/uploads\/2025\/12\/20200430_104353-1024x337.jpg\" data-object-fit=\"cover\" srcset=\"https:\/\/compolab.ch\/app\/uploads\/2025\/12\/20200430_104353-1024x337.jpg 1024w, https:\/\/compolab.ch\/app\/uploads\/2025\/12\/20200430_104353-300x99.jpg 300w, https:\/\/compolab.ch\/app\/uploads\/2025\/12\/20200430_104353-768x253.jpg 768w, https:\/\/compolab.ch\/app\/uploads\/2025\/12\/20200430_104353-600x198.jpg 600w, https:\/\/compolab.ch\/app\/uploads\/2025\/12\/20200430_104353-1200x395.jpg 1200w, https:\/\/compolab.ch\/app\/uploads\/2025\/12\/20200430_104353.jpg 1500w\" sizes=\"auto, (max-width: 1024px) 100vw, 1024px\" \/><span aria-hidden=\"true\" class=\"wp-block-cover__background has-background-dim-0 has-background-dim\" style=\"background-color:#908683\"><\/span><div class=\"wp-block-cover__inner-container is-layout-flow wp-block-cover-is-layout-flow\">\n<p class=\"has-text-align-center has-large-font-size\"><\/p>\n<\/div><\/div>\n\n\n\n<div class=\"wp-block-group\"><div class=\"wp-block-group__inner-container is-layout-flow wp-block-group-is-layout-flow\">\n<div class=\"wp-block-columns is-style-faq is-layout-flex wp-container-core-columns-is-layout-9d6595d7 wp-block-columns-is-layout-flex\">\n<div class=\"wp-block-column is-layout-flow wp-block-column-is-layout-flow\">\n<h4 class=\"wp-block-heading\" id=\"was-ist-resilienz\"><strong>Comment installer une aire de compostage<\/strong><\/h4>\n<\/div>\n\n\n\n<div class=\"wp-block-column has-white-background-color has-background is-layout-flow wp-block-column-is-layout-flow\">\n<p><\/p>\n\n\n\n<figure class=\"wp-block-image size-full\"><img loading=\"lazy\" decoding=\"async\" width=\"1024\" height=\"1024\" src=\"https:\/\/www.compolab.ch\/app\/uploads\/2025\/12\/Optimale-Kompostierung-im-Garten.png\" alt=\"\" class=\"wp-image-1468\" srcset=\"https:\/\/compolab.ch\/app\/uploads\/2025\/12\/Optimale-Kompostierung-im-Garten.png 1024w, https:\/\/compolab.ch\/app\/uploads\/2025\/12\/Optimale-Kompostierung-im-Garten-300x300.png 300w, https:\/\/compolab.ch\/app\/uploads\/2025\/12\/Optimale-Kompostierung-im-Garten-150x150.png 150w, https:\/\/compolab.ch\/app\/uploads\/2025\/12\/Optimale-Kompostierung-im-Garten-768x768.png 768w, https:\/\/compolab.ch\/app\/uploads\/2025\/12\/Optimale-Kompostierung-im-Garten-600x600.png 600w\" sizes=\"auto, (max-width: 1024px) 100vw, 1024px\" \/><\/figure>\n<\/div>\n<\/div>\n\n\n\n<div class=\"wp-block-columns is-style-faq is-layout-flex wp-container-core-columns-is-layout-9d6595d7 wp-block-columns-is-layout-flex\">\n<div class=\"wp-block-column is-layout-flow wp-block-column-is-layout-flow\">\n<h4 class=\"wp-block-heading\" id=\"was-ist-resilienz\">Galerie de <strong>silos de compostage<\/strong><\/h4>\n<\/div>\n\n\n\n<div class=\"wp-block-column is-layout-flow wp-block-column-is-layout-flow\">\n<figure class=\"wp-block-gallery has-nested-images columns-default is-cropped wp-block-gallery-1 is-layout-flex wp-block-gallery-is-layout-flex\">\n<figure class=\"wp-block-image size-large\"><img loading=\"lazy\" decoding=\"async\" width=\"690\" height=\"400\" data-id=\"1515\" src=\"https:\/\/www.compolab.ch\/app\/uploads\/2025\/12\/20181203_151916_001.jpeg\" alt=\"\" class=\"wp-image-1515\" srcset=\"https:\/\/compolab.ch\/app\/uploads\/2025\/12\/20181203_151916_001.jpeg 690w, https:\/\/compolab.ch\/app\/uploads\/2025\/12\/20181203_151916_001-300x174.jpeg 300w, https:\/\/compolab.ch\/app\/uploads\/2025\/12\/20181203_151916_001-600x348.jpeg 600w\" sizes=\"auto, (max-width: 690px) 100vw, 690px\" \/><\/figure>\n\n\n\n<figure class=\"wp-block-image size-large\"><img loading=\"lazy\" decoding=\"async\" width=\"690\" height=\"399\" data-id=\"1523\" src=\"https:\/\/www.compolab.ch\/app\/uploads\/2025\/12\/20200403_155443.jpeg\" alt=\"\" class=\"wp-image-1523\" srcset=\"https:\/\/compolab.ch\/app\/uploads\/2025\/12\/20200403_155443.jpeg 690w, https:\/\/compolab.ch\/app\/uploads\/2025\/12\/20200403_155443-300x173.jpeg 300w, https:\/\/compolab.ch\/app\/uploads\/2025\/12\/20200403_155443-600x347.jpeg 600w\" sizes=\"auto, (max-width: 690px) 100vw, 690px\" \/><\/figure>\n\n\n\n<figure class=\"wp-block-image size-large\"><img loading=\"lazy\" decoding=\"async\" width=\"690\" height=\"399\" data-id=\"1525\" src=\"https:\/\/www.compolab.ch\/app\/uploads\/2025\/12\/20200403_162553.jpeg\" alt=\"\" class=\"wp-image-1525\" srcset=\"https:\/\/compolab.ch\/app\/uploads\/2025\/12\/20200403_162553.jpeg 690w, https:\/\/compolab.ch\/app\/uploads\/2025\/12\/20200403_162553-300x173.jpeg 300w, https:\/\/compolab.ch\/app\/uploads\/2025\/12\/20200403_162553-600x347.jpeg 600w\" sizes=\"auto, (max-width: 690px) 100vw, 690px\" \/><\/figure>\n\n\n\n<figure class=\"wp-block-image size-large\"><img loading=\"lazy\" decoding=\"async\" width=\"690\" height=\"400\" data-id=\"1521\" src=\"https:\/\/www.compolab.ch\/app\/uploads\/2025\/12\/20200403_154021.jpeg\" alt=\"\" class=\"wp-image-1521\" srcset=\"https:\/\/compolab.ch\/app\/uploads\/2025\/12\/20200403_154021.jpeg 690w, https:\/\/compolab.ch\/app\/uploads\/2025\/12\/20200403_154021-300x174.jpeg 300w, https:\/\/compolab.ch\/app\/uploads\/2025\/12\/20200403_154021-600x348.jpeg 600w\" sizes=\"auto, (max-width: 690px) 100vw, 690px\" \/><\/figure>\n\n\n\n<figure class=\"wp-block-image size-large\"><img loading=\"lazy\" decoding=\"async\" width=\"690\" height=\"400\" data-id=\"1513\" src=\"https:\/\/www.compolab.ch\/app\/uploads\/2025\/12\/20200403_150218.jpeg\" alt=\"\" class=\"wp-image-1513\" srcset=\"https:\/\/compolab.ch\/app\/uploads\/2025\/12\/20200403_150218.jpeg 690w, https:\/\/compolab.ch\/app\/uploads\/2025\/12\/20200403_150218-300x174.jpeg 300w, https:\/\/compolab.ch\/app\/uploads\/2025\/12\/20200403_150218-600x348.jpeg 600w\" sizes=\"auto, (max-width: 690px) 100vw, 690px\" \/><\/figure>\n\n\n\n<figure class=\"wp-block-image size-large\"><img loading=\"lazy\" decoding=\"async\" width=\"690\" height=\"399\" data-id=\"1517\" src=\"https:\/\/www.compolab.ch\/app\/uploads\/2025\/12\/20200403_151135.jpeg\" alt=\"\" class=\"wp-image-1517\" srcset=\"https:\/\/compolab.ch\/app\/uploads\/2025\/12\/20200403_151135.jpeg 690w, https:\/\/compolab.ch\/app\/uploads\/2025\/12\/20200403_151135-300x173.jpeg 300w, https:\/\/compolab.ch\/app\/uploads\/2025\/12\/20200403_151135-600x347.jpeg 600w\" sizes=\"auto, (max-width: 690px) 100vw, 690px\" \/><\/figure>\n\n\n\n<figure class=\"wp-block-image size-large\"><img loading=\"lazy\" decoding=\"async\" width=\"690\" height=\"399\" data-id=\"1519\" src=\"https:\/\/www.compolab.ch\/app\/uploads\/2025\/12\/20200320_183811.jpeg\" alt=\"\" class=\"wp-image-1519\" srcset=\"https:\/\/compolab.ch\/app\/uploads\/2025\/12\/20200320_183811.jpeg 690w, https:\/\/compolab.ch\/app\/uploads\/2025\/12\/20200320_183811-300x173.jpeg 300w, https:\/\/compolab.ch\/app\/uploads\/2025\/12\/20200320_183811-600x347.jpeg 600w\" sizes=\"auto, (max-width: 690px) 100vw, 690px\" \/><\/figure>\n\n\n\n<figure class=\"wp-block-image size-large\"><img loading=\"lazy\" decoding=\"async\" width=\"690\" height=\"399\" data-id=\"1511\" src=\"https:\/\/www.compolab.ch\/app\/uploads\/2025\/12\/20200320_183749.jpeg\" alt=\"\" class=\"wp-image-1511\" srcset=\"https:\/\/compolab.ch\/app\/uploads\/2025\/12\/20200320_183749.jpeg 690w, https:\/\/compolab.ch\/app\/uploads\/2025\/12\/20200320_183749-300x173.jpeg 300w, https:\/\/compolab.ch\/app\/uploads\/2025\/12\/20200320_183749-600x347.jpeg 600w\" sizes=\"auto, (max-width: 690px) 100vw, 690px\" \/><\/figure>\n\n\n\n<figure class=\"wp-block-image size-large\"><img loading=\"lazy\" decoding=\"async\" width=\"690\" height=\"399\" data-id=\"1527\" src=\"https:\/\/www.compolab.ch\/app\/uploads\/2025\/12\/20220301_155843.jpeg\" alt=\"\" class=\"wp-image-1527\" srcset=\"https:\/\/compolab.ch\/app\/uploads\/2025\/12\/20220301_155843.jpeg 690w, https:\/\/compolab.ch\/app\/uploads\/2025\/12\/20220301_155843-300x173.jpeg 300w, https:\/\/compolab.ch\/app\/uploads\/2025\/12\/20220301_155843-600x347.jpeg 600w\" sizes=\"auto, (max-width: 690px) 100vw, 690px\" \/><\/figure>\n<\/figure>\n\n\n\n<div style=\"height:17px\" aria-hidden=\"true\" class=\"wp-block-spacer\"><\/div>\n\n\n\n<p>Volontiers, nous publierons des photos de vos silos \u00e0 compost: vous pouvez les envoyer \u00e0 <a href=\"mailto:info@compolab.ch\">info@compolab.ch<\/a><\/p>\n<\/div>\n\n\n\n<div class=\"wp-block-column is-layout-flow wp-block-column-is-layout-flow\"><\/div>\n\n\n\n<div class=\"wp-block-column is-layout-flow wp-block-column-is-layout-flow\"><\/div>\n<\/div>\n<\/div><\/div>\n\n\n\n<p><\/p>\n","protected":false},"excerpt":{"rendered":"<p>\u00ab Le sol est le fondement silencieux de toute vie sur la terre ferme \u2014 un tissu vivant, intimement entrem\u00eal\u00e9 \u00e0 tout, qui abrite des milliards d\u2019organismes, respire et absorbe puis restitue l\u2019eau ainsi que les nutriments. \u00bb Barbara Rehmann Barbara Rehmann a acquis des comp\u00e9tences dans les domaines du compostage, de la sant\u00e9 des [&hellip;]<\/p>\n","protected":false},"author":2,"featured_media":0,"parent":0,"menu_order":0,"comment_status":"closed","ping_status":"closed","template":"","meta":{"_acf_changed":false,"inline_featured_image":false,"footnotes":""},"class_list":["post-517","page","type-page","status-publish","hentry"],"acf":[],"yoast_head":"<!-- This site is optimized with the Yoast SEO plugin v26.4 - https:\/\/yoast.com\/wordpress\/plugins\/seo\/ -->\n<title>Startseite - resiliatour Brig Renforcer sa r\u00e9silience dans la nature - resiliatour S\u00e0rl<\/title>\n<meta name=\"description\" content=\"R\u00e9silience, pleine conscience et bain de for\u00eat dans la nature du Valais. resiliatour vous accompagne pour reconna\u00eetre, renforcer et d\u00e9velopper vos ressources.\" \/>\n<meta name=\"robots\" content=\"index, follow, max-snippet:-1, max-image-preview:large, max-video-preview:-1\" \/>\n<link rel=\"canonical\" href=\"https:\/\/compolab.ch\/fr\/\" \/>\n<meta property=\"og:locale\" content=\"fr_FR\" \/>\n<meta property=\"og:type\" content=\"article\" \/>\n<meta property=\"og:title\" content=\"Startseite - resiliatour Brig Renforcer sa r\u00e9silience dans la nature - resiliatour S\u00e0rl\" \/>\n<meta property=\"og:description\" content=\"R\u00e9silience, pleine conscience et bain de for\u00eat dans la nature du Valais. resiliatour vous accompagne pour reconna\u00eetre, renforcer et d\u00e9velopper vos ressources.\" \/>\n<meta property=\"og:url\" content=\"https:\/\/compolab.ch\/fr\/\" \/>\n<meta property=\"og:site_name\" content=\"resiliatour Brig\" \/>\n<meta property=\"article:publisher\" content=\"https:\/\/facebook.com\/resiliatour\" \/>\n<meta property=\"article:modified_time\" content=\"2025-12-30T19:58:08+00:00\" \/>\n<meta property=\"og:image\" content=\"https:\/\/www.compolab.ch\/app\/uploads\/2025\/11\/start_web-1024x600.jpg\" \/>\n<meta name=\"twitter:card\" content=\"summary_large_image\" \/>\n<meta name=\"twitter:label1\" content=\"Est. reading time\" \/>\n\t<meta name=\"twitter:data1\" content=\"9 minutes\" \/>\n<script type=\"application\/ld+json\" class=\"yoast-schema-graph\">{\"@context\":\"https:\/\/schema.org\",\"@graph\":[{\"@type\":\"WebPage\",\"@id\":\"https:\/\/compolab.ch\/fr\/\",\"url\":\"https:\/\/compolab.ch\/fr\/\",\"name\":\"Startseite - resiliatour Brig Renforcer sa r\u00e9silience dans la nature - resiliatour S\u00e0rl\",\"isPartOf\":{\"@id\":\"https:\/\/www.compolab.ch\/#website\"},\"primaryImageOfPage\":{\"@id\":\"https:\/\/compolab.ch\/fr\/#primaryimage\"},\"image\":{\"@id\":\"https:\/\/compolab.ch\/fr\/#primaryimage\"},\"thumbnailUrl\":\"https:\/\/www.compolab.ch\/app\/uploads\/2025\/11\/start_web-1024x600.jpg\",\"datePublished\":\"2022-02-14T19:15:38+00:00\",\"dateModified\":\"2025-12-30T19:58:08+00:00\",\"description\":\"R\u00e9silience, pleine conscience et bain de for\u00eat dans la nature du Valais. resiliatour vous accompagne pour reconna\u00eetre, renforcer et d\u00e9velopper vos ressources.\",\"breadcrumb\":{\"@id\":\"https:\/\/compolab.ch\/fr\/#breadcrumb\"},\"inLanguage\":\"fr-FR\",\"potentialAction\":[{\"@type\":\"ReadAction\",\"target\":[\"https:\/\/compolab.ch\/fr\/\"]}]},{\"@type\":\"ImageObject\",\"inLanguage\":\"fr-FR\",\"@id\":\"https:\/\/compolab.ch\/fr\/#primaryimage\",\"url\":\"https:\/\/www.compolab.ch\/app\/uploads\/2025\/11\/start_web-1024x600.jpg\",\"contentUrl\":\"https:\/\/www.compolab.ch\/app\/uploads\/2025\/11\/start_web-1024x600.jpg\"},{\"@type\":\"BreadcrumbList\",\"@id\":\"https:\/\/compolab.ch\/fr\/#breadcrumb\",\"itemListElement\":[{\"@type\":\"ListItem\",\"position\":1,\"name\":\"Startseite\",\"item\":\"https:\/\/compolab.ch\/fr\/\"},{\"@type\":\"ListItem\",\"position\":2,\"name\":\"Startseite\"}]},{\"@type\":\"WebSite\",\"@id\":\"https:\/\/www.compolab.ch\/#website\",\"url\":\"https:\/\/www.compolab.ch\/\",\"name\":\"resiliatour\",\"description\":\"resilienz st\u00e4rken, renforcer sa r\u00e9silience\",\"publisher\":{\"@id\":\"https:\/\/www.compolab.ch\/#organization\"},\"potentialAction\":[{\"@type\":\"SearchAction\",\"target\":{\"@type\":\"EntryPoint\",\"urlTemplate\":\"https:\/\/www.compolab.ch\/?s={search_term_string}\"},\"query-input\":{\"@type\":\"PropertyValueSpecification\",\"valueRequired\":true,\"valueName\":\"search_term_string\"}}],\"inLanguage\":\"fr-FR\"},{\"@type\":\"Organization\",\"@id\":\"https:\/\/www.compolab.ch\/#organization\",\"name\":\"resiliatour GmbH\",\"url\":\"https:\/\/www.compolab.ch\/\",\"logo\":{\"@type\":\"ImageObject\",\"inLanguage\":\"fr-FR\",\"@id\":\"https:\/\/www.compolab.ch\/#\/schema\/logo\/image\/\",\"url\":\"https:\/\/resiliatour.ch\/app\/uploads\/2022\/02\/cropped-favicon.jpg\",\"contentUrl\":\"https:\/\/resiliatour.ch\/app\/uploads\/2022\/02\/cropped-favicon.jpg\",\"width\":512,\"height\":512,\"caption\":\"resiliatour GmbH\"},\"image\":{\"@id\":\"https:\/\/www.compolab.ch\/#\/schema\/logo\/image\/\"},\"sameAs\":[\"https:\/\/facebook.com\/resiliatour\",\"https:\/\/linkedin.com\/company\/resiliatour\"]}]}<\/script>\n<!-- \/ Yoast SEO plugin. -->","yoast_head_json":{"title":"Startseite - resiliatour Brig Renforcer sa r\u00e9silience dans la nature - resiliatour S\u00e0rl","description":"R\u00e9silience, pleine conscience et bain de for\u00eat dans la nature du Valais. resiliatour vous accompagne pour reconna\u00eetre, renforcer et d\u00e9velopper vos ressources.","robots":{"index":"index","follow":"follow","max-snippet":"max-snippet:-1","max-image-preview":"max-image-preview:large","max-video-preview":"max-video-preview:-1"},"canonical":"https:\/\/compolab.ch\/fr\/","og_locale":"fr_FR","og_type":"article","og_title":"Startseite - resiliatour Brig Renforcer sa r\u00e9silience dans la nature - resiliatour S\u00e0rl","og_description":"R\u00e9silience, pleine conscience et bain de for\u00eat dans la nature du Valais. resiliatour vous accompagne pour reconna\u00eetre, renforcer et d\u00e9velopper vos ressources.","og_url":"https:\/\/compolab.ch\/fr\/","og_site_name":"resiliatour Brig","article_publisher":"https:\/\/facebook.com\/resiliatour","article_modified_time":"2025-12-30T19:58:08+00:00","og_image":[{"url":"https:\/\/www.compolab.ch\/app\/uploads\/2025\/11\/start_web-1024x600.jpg","type":"","width":"","height":""}],"twitter_card":"summary_large_image","twitter_misc":{"Est. reading time":"9 minutes"},"schema":{"@context":"https:\/\/schema.org","@graph":[{"@type":"WebPage","@id":"https:\/\/compolab.ch\/fr\/","url":"https:\/\/compolab.ch\/fr\/","name":"Startseite - resiliatour Brig Renforcer sa r\u00e9silience dans la nature - resiliatour S\u00e0rl","isPartOf":{"@id":"https:\/\/www.compolab.ch\/#website"},"primaryImageOfPage":{"@id":"https:\/\/compolab.ch\/fr\/#primaryimage"},"image":{"@id":"https:\/\/compolab.ch\/fr\/#primaryimage"},"thumbnailUrl":"https:\/\/www.compolab.ch\/app\/uploads\/2025\/11\/start_web-1024x600.jpg","datePublished":"2022-02-14T19:15:38+00:00","dateModified":"2025-12-30T19:58:08+00:00","description":"R\u00e9silience, pleine conscience et bain de for\u00eat dans la nature du Valais. resiliatour vous accompagne pour reconna\u00eetre, renforcer et d\u00e9velopper vos ressources.","breadcrumb":{"@id":"https:\/\/compolab.ch\/fr\/#breadcrumb"},"inLanguage":"fr-FR","potentialAction":[{"@type":"ReadAction","target":["https:\/\/compolab.ch\/fr\/"]}]},{"@type":"ImageObject","inLanguage":"fr-FR","@id":"https:\/\/compolab.ch\/fr\/#primaryimage","url":"https:\/\/www.compolab.ch\/app\/uploads\/2025\/11\/start_web-1024x600.jpg","contentUrl":"https:\/\/www.compolab.ch\/app\/uploads\/2025\/11\/start_web-1024x600.jpg"},{"@type":"BreadcrumbList","@id":"https:\/\/compolab.ch\/fr\/#breadcrumb","itemListElement":[{"@type":"ListItem","position":1,"name":"Startseite","item":"https:\/\/compolab.ch\/fr\/"},{"@type":"ListItem","position":2,"name":"Startseite"}]},{"@type":"WebSite","@id":"https:\/\/www.compolab.ch\/#website","url":"https:\/\/www.compolab.ch\/","name":"resiliatour","description":"resilienz st\u00e4rken, renforcer sa r\u00e9silience","publisher":{"@id":"https:\/\/www.compolab.ch\/#organization"},"potentialAction":[{"@type":"SearchAction","target":{"@type":"EntryPoint","urlTemplate":"https:\/\/www.compolab.ch\/?s={search_term_string}"},"query-input":{"@type":"PropertyValueSpecification","valueRequired":true,"valueName":"search_term_string"}}],"inLanguage":"fr-FR"},{"@type":"Organization","@id":"https:\/\/www.compolab.ch\/#organization","name":"resiliatour GmbH","url":"https:\/\/www.compolab.ch\/","logo":{"@type":"ImageObject","inLanguage":"fr-FR","@id":"https:\/\/www.compolab.ch\/#\/schema\/logo\/image\/","url":"https:\/\/resiliatour.ch\/app\/uploads\/2022\/02\/cropped-favicon.jpg","contentUrl":"https:\/\/resiliatour.ch\/app\/uploads\/2022\/02\/cropped-favicon.jpg","width":512,"height":512,"caption":"resiliatour GmbH"},"image":{"@id":"https:\/\/www.compolab.ch\/#\/schema\/logo\/image\/"},"sameAs":["https:\/\/facebook.com\/resiliatour","https:\/\/linkedin.com\/company\/resiliatour"]}]}},"_links":{"self":[{"href":"https:\/\/compolab.ch\/fr\/wp-json\/wp\/v2\/pages\/517","targetHints":{"allow":["GET"]}}],"collection":[{"href":"https:\/\/compolab.ch\/fr\/wp-json\/wp\/v2\/pages"}],"about":[{"href":"https:\/\/compolab.ch\/fr\/wp-json\/wp\/v2\/types\/page"}],"author":[{"embeddable":true,"href":"https:\/\/compolab.ch\/fr\/wp-json\/wp\/v2\/users\/2"}],"replies":[{"embeddable":true,"href":"https:\/\/compolab.ch\/fr\/wp-json\/wp\/v2\/comments?post=517"}],"version-history":[{"count":77,"href":"https:\/\/compolab.ch\/fr\/wp-json\/wp\/v2\/pages\/517\/revisions"}],"predecessor-version":[{"id":1589,"href":"https:\/\/compolab.ch\/fr\/wp-json\/wp\/v2\/pages\/517\/revisions\/1589"}],"wp:attachment":[{"href":"https:\/\/compolab.ch\/fr\/wp-json\/wp\/v2\/media?parent=517"}],"curies":[{"name":"wp","href":"https:\/\/api.w.org\/{rel}","templated":true}]}}