{"id":536,"date":"2022-02-14T22:08:53","date_gmt":"2022-02-14T21:08:53","guid":{"rendered":"https:\/\/resiliatour.ch\/?page_id=536"},"modified":"2025-12-01T15:36:47","modified_gmt":"2025-12-01T14:36:47","slug":"philosophie","status":"publish","type":"page","link":"https:\/\/compolab.ch\/fr\/philosophie\/","title":{"rendered":"Questions &#038; R\u00e9ponses"},"content":{"rendered":"\n<div class=\"wp-block-cover is-light\"><img loading=\"lazy\" decoding=\"async\" width=\"1500\" height=\"494\" class=\"wp-block-cover__image-background wp-image-71\" alt=\"\" src=\"https:\/\/projects.botanibot.com\/resiliatour\/app\/uploads\/2022\/02\/header_philosophie.jpg\" data-object-fit=\"cover\" srcset=\"https:\/\/compolab.ch\/app\/uploads\/2022\/02\/header_philosophie.jpg 1500w, https:\/\/compolab.ch\/app\/uploads\/2022\/02\/header_philosophie-300x99.jpg 300w, https:\/\/compolab.ch\/app\/uploads\/2022\/02\/header_philosophie-1024x337.jpg 1024w, https:\/\/compolab.ch\/app\/uploads\/2022\/02\/header_philosophie-768x253.jpg 768w, https:\/\/compolab.ch\/app\/uploads\/2022\/02\/header_philosophie-600x198.jpg 600w, https:\/\/compolab.ch\/app\/uploads\/2022\/02\/header_philosophie-1200x395.jpg 1200w\" sizes=\"auto, (max-width: 1500px) 100vw, 1500px\" \/><span aria-hidden=\"true\" class=\"wp-block-cover__background has-background-dim-0 has-background-dim\"><\/span><div class=\"wp-block-cover__inner-container is-layout-flow wp-block-cover-is-layout-flow\">\n<p class=\"has-text-align-center has-large-font-size\"><\/p>\n<\/div><\/div>\n\n\n\n<div class=\"wp-block-group\"><div class=\"wp-block-group__inner-container is-layout-flow wp-block-group-is-layout-flow\">\n<h2 class=\"wp-block-heading\" id=\"philosophie\">Questions et r\u00e9ponses<\/h2>\n\n\n\n<blockquote class=\"wp-block-quote is-style-plain is-layout-flow wp-block-quote-is-layout-flow\">\n<p>\u00abC\u2019est seulement en sauvegardant pleinement notre \u00e9cosyst\u00e8me int\u00e9rieur &#8211; toute notre sensibilit\u00e9 et notre capacit\u00e9 d&#8217;aimer \u2013 que persiste l\u2019espoir de r\u00e9tablir \u00e9galement l&#8217;\u00e9cosyst\u00e8me ext\u00e9rieur.\u00bb<\/p>\n<cite>Charles Eisenstein<\/cite><\/blockquote>\n<\/div><\/div>\n\n\n\n<div class=\"wp-block-group\"><div class=\"wp-block-group__inner-container is-layout-flow wp-block-group-is-layout-flow\">\n<p>L&#8217;industrialisation des derniers si\u00e8cles s&#8217;est d\u00e9velopp\u00e9e suite au d\u00e9sir d&#8217;une vie meilleure. Elle nous a apport\u00e9 plus d&#8217;efficacit\u00e9, d&#8217;\u00e9conomie, de croissance, d&#8217;uniformisation, de rationalisation, de perfectionnement et d&#8217;analyse, mais aussi une plus grande distance entre l&#8217;homme et la nature.<\/p>\n\n\n\n<p>Ce syst\u00e8me produit de la richesse, de la culture et nous permet de nous occuper de notre d\u00e9veloppement en tant qu&#8217;individu et de la reproduction r\u00e9ussie de l&#8217;esp\u00e8ce &#8220;homme&#8221;. D&#8217;autre part, ce syst\u00e8me produit aussi des d\u00e9chets, surexploite les ressources de notre plan\u00e8te, d\u00e9truit les cycles, pousse l&#8217;homme \u00e0 s&#8217;optimiser jusqu&#8217;\u00e0 l&#8217;\u00e9puisement et provoque une perte de sens.<\/p>\n\n\n\n<p>Un changement de paradigme s\u2019op\u00e8re depuis longtemps. Nous parlons de plus en plus de processus\/plasticit\u00e9 au lieu de faits statiques, de synth\u00e8se au lieu d&#8217;analyse, de collaborations interdisciplinaires au lieu de sp\u00e9cialisation, nous \u00e9tudions les r\u00e9seaux de vie et cr\u00e9ons des cycles pr\u00e9servant les valeurs. Nous nous int\u00e9ressons de plus en plus au r\u00e9gional, \u00e0 l&#8217;authentique, au saisonnier, aux cellules d&#8217;habitation, de travail et de vie qui ont un sens et qui fonctionnent. La croissance au d\u00e9triment de la durabilit\u00e9 est remise en question.<\/p>\n\n\n\n<p>Nous nous r\u00e9jouissons de cette \u00e9volution et y apportons volontiers notre contribution.<\/p>\n\n\n\n<p>Si l&#8217;on se r\u00e9f\u00e8re \u00e0 la notion de r\u00e9silience, il est impensable de s\u00e9parer l&#8217;homme de la nature. Avec nos offres, nous encourageons la r\u00e9silience de la nature et de l&#8217;homme.<\/p>\n\n\n\n<p><\/p>\n\n\n\n<p>  <br><br><\/p>\n\n\n\n<p><\/p>\n\n\n\n<div class=\"wp-block-columns is-style-faq is-layout-flex wp-container-core-columns-is-layout-9d6595d7 wp-block-columns-is-layout-flex\">\n<div class=\"wp-block-column is-layout-flow wp-block-column-is-layout-flow\">\n<h4 class=\"wp-block-heading\" id=\"die-resilienz-der-natur-z-b-durch-sensibilisierung-fur-naturkreislaufe-und-artenvielfalt\"><strong>R\u00e9silience de l\u2019homme<\/strong><\/h4>\n<\/div>\n\n\n\n<div class=\"wp-block-column is-layout-flow wp-block-column-is-layout-flow\">\n<p>Notre pr\u00e9occupation est de cultiver la diversit\u00e9 chez l&#8217;\u00eatre humain, soutenir les personnes dans leur auto-exploration et de renforcer leurs ressources. Il existe pour cela de nombreux outils pratiques que nous vous transmettons volontiers.<\/p>\n\n\n\n<ul class=\"wp-block-list\">\n<li>Moins (mais avec une pr\u00e9sence int\u00e9rieure) est plus : nous dispensons des m\u00e9thodes de soutien aussi br\u00e8ves et simples que possible, qui peuvent \u00eatre appliqu\u00e9es dans toutes les situations de la vie<\/li>\n\n\n\n<li>Nos participants au cours seront ensuite \u00e0 m\u00eame d\u2019utiliser les m\u00e9thodes enseign\u00e9es<\/li>\n<\/ul>\n\n\n\n<p>\u00abIl y a des moments, lorsque nous secouons une boule \u00e0 neige, nous nous r\u00e9jouissons de la danse des flocons, et d&#8217;autres o\u00f9 nous tenons la boule dans la main, sans bouger, regardant jusqu&#8217;\u00e0 ce que le dernier flocon tombe au sol &#8211; un sentiment solennel d&#8217;immensit\u00e9 et de calme s&#8217;installe. De petits moments de r\u00e9flexion au quotidien, de temps en temps, o\u00f9 et comment ils s&#8217;allument, comme des lucioles dans la nuit. Peut-\u00eatre qu&#8217;une luciole sera suivie d&#8217;une autre &#8211; et qui sait&#8230; de toute une succession de lumi\u00e8res. \u00bb Barbara Rehmann<\/p>\n<\/div>\n<\/div>\n\n\n\n<div class=\"wp-block-columns is-style-faq is-layout-flex wp-container-core-columns-is-layout-9d6595d7 wp-block-columns-is-layout-flex\">\n<div class=\"wp-block-column is-layout-flow wp-block-column-is-layout-flow\">\n<h4 class=\"wp-block-heading\" id=\"die-menschliche-resilienz-z-b-durch-starkung-der-eigenen-ressourcen-in-der-begegnung-mit-unserer-umwelt\"><strong>R\u00e9silience de la nature<\/strong><\/h4>\n<\/div>\n\n\n\n<div class=\"wp-block-column is-layout-flow wp-block-column-is-layout-flow\">\n<p>Alors que l&#8217;homme peut stimuler et am\u00e9liorer sa propre r\u00e9silience, il peut aussi, par son comportement, influencer positivement la r\u00e9silience de la nature, ce qui a ensuite \u00e0 nouveau un effet positif sur sa propre r\u00e9silience.<\/p>\n\n\n\n<p>Nous privil\u00e9gions une approche attentive et une v\u00e9ritable rencontre avec la nature telle qu&#8217;elle se pr\u00e9sente \u00e0 nous aujourd&#8217;hui : dans sa richesse, sa beaut\u00e9 et sa vuln\u00e9rabilit\u00e9, marqu\u00e9e par le passage de l&#8217;homme.<\/p>\n\n\n\n<p>Les cours de compostage que nous proposons peuvent contribuer \u00e0 cr\u00e9er davantage de cycles localis\u00e9s et \u00e0 int\u00e9grer les r\u00e9sidus organiques dans les sols sous forme de compost. Le compost sert de r\u00e9servoir de CO2 et d&#8217;engrais, am\u00e9liore la structure, la capacit\u00e9 de r\u00e9tention des nutriments et de l&#8217;eau des sols et r\u00e9duit le volume des d\u00e9chets.<\/p>\n\n\n\n<p>Le compostage est l&#8217;un des innombrables et formidables processus de transformation dans la nature, au cours duquel la mati\u00e8re est d\u00e9grad\u00e9e, transform\u00e9e et reconstruite par les organismes vivants. La nature ne produit pas de d\u00e9chets. Les processus naturels sont cycliques.<\/p>\n<\/div>\n<\/div>\n<\/div><\/div>\n","protected":false},"excerpt":{"rendered":"<p>Questions et r\u00e9ponses \u00abC\u2019est seulement en sauvegardant pleinement notre \u00e9cosyst\u00e8me int\u00e9rieur &#8211; toute notre sensibilit\u00e9 et notre capacit\u00e9 d&#8217;aimer \u2013 que persiste l\u2019espoir de r\u00e9tablir \u00e9galement l&#8217;\u00e9cosyst\u00e8me ext\u00e9rieur.\u00bb L&#8217;industrialisation des derniers si\u00e8cles s&#8217;est d\u00e9velopp\u00e9e suite au d\u00e9sir d&#8217;une vie meilleure. Elle nous a apport\u00e9 plus d&#8217;efficacit\u00e9, d&#8217;\u00e9conomie, de croissance, d&#8217;uniformisation, de rationalisation, de perfectionnement et [&hellip;]<\/p>\n","protected":false},"author":2,"featured_media":0,"parent":0,"menu_order":0,"comment_status":"closed","ping_status":"closed","template":"","meta":{"_acf_changed":false,"inline_featured_image":false,"footnotes":""},"class_list":["post-536","page","type-page","status-publish","hentry"],"acf":[],"yoast_head":"<!-- This site is optimized with the Yoast SEO plugin v26.4 - https:\/\/yoast.com\/wordpress\/plugins\/seo\/ -->\n<title>Questions &amp; R\u00e9ponses - resiliatour Brig<\/title>\n<meta name=\"robots\" content=\"index, follow, max-snippet:-1, max-image-preview:large, max-video-preview:-1\" \/>\n<link rel=\"canonical\" href=\"https:\/\/compolab.ch\/fr\/philosophie\/\" \/>\n<meta property=\"og:locale\" content=\"fr_FR\" \/>\n<meta property=\"og:type\" content=\"article\" \/>\n<meta property=\"og:title\" content=\"Questions &amp; R\u00e9ponses - resiliatour Brig\" \/>\n<meta property=\"og:description\" content=\"Questions et r\u00e9ponses \u00abC\u2019est seulement en sauvegardant pleinement notre \u00e9cosyst\u00e8me int\u00e9rieur &#8211; toute notre sensibilit\u00e9 et notre capacit\u00e9 d&#8217;aimer \u2013 que persiste l\u2019espoir de r\u00e9tablir \u00e9galement l&#8217;\u00e9cosyst\u00e8me ext\u00e9rieur.\u00bb L&#8217;industrialisation des derniers si\u00e8cles s&#8217;est d\u00e9velopp\u00e9e suite au d\u00e9sir d&#8217;une vie meilleure. Elle nous a apport\u00e9 plus d&#8217;efficacit\u00e9, d&#8217;\u00e9conomie, de croissance, d&#8217;uniformisation, de rationalisation, de perfectionnement et [&hellip;]\" \/>\n<meta property=\"og:url\" content=\"https:\/\/compolab.ch\/fr\/philosophie\/\" \/>\n<meta property=\"og:site_name\" content=\"resiliatour Brig\" \/>\n<meta property=\"article:publisher\" content=\"https:\/\/facebook.com\/resiliatour\" \/>\n<meta property=\"article:modified_time\" content=\"2025-12-01T14:36:47+00:00\" \/>\n<meta property=\"og:image\" content=\"https:\/\/projects.botanibot.com\/resiliatour\/app\/uploads\/2022\/02\/header_philosophie.jpg\" \/>\n<meta name=\"twitter:card\" content=\"summary_large_image\" \/>\n<meta name=\"twitter:label1\" content=\"Est. reading time\" \/>\n\t<meta name=\"twitter:data1\" content=\"4 minutes\" \/>\n<script type=\"application\/ld+json\" class=\"yoast-schema-graph\">{\"@context\":\"https:\/\/schema.org\",\"@graph\":[{\"@type\":\"WebPage\",\"@id\":\"https:\/\/compolab.ch\/fr\/philosophie\/\",\"url\":\"https:\/\/compolab.ch\/fr\/philosophie\/\",\"name\":\"Questions & R\u00e9ponses - resiliatour Brig\",\"isPartOf\":{\"@id\":\"https:\/\/www.compolab.ch\/#website\"},\"primaryImageOfPage\":{\"@id\":\"https:\/\/compolab.ch\/fr\/philosophie\/#primaryimage\"},\"image\":{\"@id\":\"https:\/\/compolab.ch\/fr\/philosophie\/#primaryimage\"},\"thumbnailUrl\":\"https:\/\/projects.botanibot.com\/resiliatour\/app\/uploads\/2022\/02\/header_philosophie.jpg\",\"datePublished\":\"2022-02-14T21:08:53+00:00\",\"dateModified\":\"2025-12-01T14:36:47+00:00\",\"breadcrumb\":{\"@id\":\"https:\/\/compolab.ch\/fr\/philosophie\/#breadcrumb\"},\"inLanguage\":\"fr-FR\",\"potentialAction\":[{\"@type\":\"ReadAction\",\"target\":[\"https:\/\/compolab.ch\/fr\/philosophie\/\"]}]},{\"@type\":\"ImageObject\",\"inLanguage\":\"fr-FR\",\"@id\":\"https:\/\/compolab.ch\/fr\/philosophie\/#primaryimage\",\"url\":\"https:\/\/projects.botanibot.com\/resiliatour\/app\/uploads\/2022\/02\/header_philosophie.jpg\",\"contentUrl\":\"https:\/\/projects.botanibot.com\/resiliatour\/app\/uploads\/2022\/02\/header_philosophie.jpg\"},{\"@type\":\"BreadcrumbList\",\"@id\":\"https:\/\/compolab.ch\/fr\/philosophie\/#breadcrumb\",\"itemListElement\":[{\"@type\":\"ListItem\",\"position\":1,\"name\":\"Startseite\",\"item\":\"https:\/\/compolab.ch\/fr\/\"},{\"@type\":\"ListItem\",\"position\":2,\"name\":\"Questions &#038; R\u00e9ponses\"}]},{\"@type\":\"WebSite\",\"@id\":\"https:\/\/www.compolab.ch\/#website\",\"url\":\"https:\/\/www.compolab.ch\/\",\"name\":\"resiliatour\",\"description\":\"resilienz st\u00e4rken, renforcer sa r\u00e9silience\",\"publisher\":{\"@id\":\"https:\/\/www.compolab.ch\/#organization\"},\"potentialAction\":[{\"@type\":\"SearchAction\",\"target\":{\"@type\":\"EntryPoint\",\"urlTemplate\":\"https:\/\/www.compolab.ch\/?s={search_term_string}\"},\"query-input\":{\"@type\":\"PropertyValueSpecification\",\"valueRequired\":true,\"valueName\":\"search_term_string\"}}],\"inLanguage\":\"fr-FR\"},{\"@type\":\"Organization\",\"@id\":\"https:\/\/www.compolab.ch\/#organization\",\"name\":\"resiliatour GmbH\",\"url\":\"https:\/\/www.compolab.ch\/\",\"logo\":{\"@type\":\"ImageObject\",\"inLanguage\":\"fr-FR\",\"@id\":\"https:\/\/www.compolab.ch\/#\/schema\/logo\/image\/\",\"url\":\"https:\/\/resiliatour.ch\/app\/uploads\/2022\/02\/cropped-favicon.jpg\",\"contentUrl\":\"https:\/\/resiliatour.ch\/app\/uploads\/2022\/02\/cropped-favicon.jpg\",\"width\":512,\"height\":512,\"caption\":\"resiliatour GmbH\"},\"image\":{\"@id\":\"https:\/\/www.compolab.ch\/#\/schema\/logo\/image\/\"},\"sameAs\":[\"https:\/\/facebook.com\/resiliatour\",\"https:\/\/linkedin.com\/company\/resiliatour\"]}]}<\/script>\n<!-- \/ Yoast SEO plugin. -->","yoast_head_json":{"title":"Questions & R\u00e9ponses - resiliatour Brig","robots":{"index":"index","follow":"follow","max-snippet":"max-snippet:-1","max-image-preview":"max-image-preview:large","max-video-preview":"max-video-preview:-1"},"canonical":"https:\/\/compolab.ch\/fr\/philosophie\/","og_locale":"fr_FR","og_type":"article","og_title":"Questions & R\u00e9ponses - resiliatour Brig","og_description":"Questions et r\u00e9ponses \u00abC\u2019est seulement en sauvegardant pleinement notre \u00e9cosyst\u00e8me int\u00e9rieur &#8211; toute notre sensibilit\u00e9 et notre capacit\u00e9 d&#8217;aimer \u2013 que persiste l\u2019espoir de r\u00e9tablir \u00e9galement l&#8217;\u00e9cosyst\u00e8me ext\u00e9rieur.\u00bb L&#8217;industrialisation des derniers si\u00e8cles s&#8217;est d\u00e9velopp\u00e9e suite au d\u00e9sir d&#8217;une vie meilleure. Elle nous a apport\u00e9 plus d&#8217;efficacit\u00e9, d&#8217;\u00e9conomie, de croissance, d&#8217;uniformisation, de rationalisation, de perfectionnement et [&hellip;]","og_url":"https:\/\/compolab.ch\/fr\/philosophie\/","og_site_name":"resiliatour Brig","article_publisher":"https:\/\/facebook.com\/resiliatour","article_modified_time":"2025-12-01T14:36:47+00:00","og_image":[{"url":"https:\/\/projects.botanibot.com\/resiliatour\/app\/uploads\/2022\/02\/header_philosophie.jpg","type":"","width":"","height":""}],"twitter_card":"summary_large_image","twitter_misc":{"Est. reading time":"4 minutes"},"schema":{"@context":"https:\/\/schema.org","@graph":[{"@type":"WebPage","@id":"https:\/\/compolab.ch\/fr\/philosophie\/","url":"https:\/\/compolab.ch\/fr\/philosophie\/","name":"Questions & R\u00e9ponses - resiliatour Brig","isPartOf":{"@id":"https:\/\/www.compolab.ch\/#website"},"primaryImageOfPage":{"@id":"https:\/\/compolab.ch\/fr\/philosophie\/#primaryimage"},"image":{"@id":"https:\/\/compolab.ch\/fr\/philosophie\/#primaryimage"},"thumbnailUrl":"https:\/\/projects.botanibot.com\/resiliatour\/app\/uploads\/2022\/02\/header_philosophie.jpg","datePublished":"2022-02-14T21:08:53+00:00","dateModified":"2025-12-01T14:36:47+00:00","breadcrumb":{"@id":"https:\/\/compolab.ch\/fr\/philosophie\/#breadcrumb"},"inLanguage":"fr-FR","potentialAction":[{"@type":"ReadAction","target":["https:\/\/compolab.ch\/fr\/philosophie\/"]}]},{"@type":"ImageObject","inLanguage":"fr-FR","@id":"https:\/\/compolab.ch\/fr\/philosophie\/#primaryimage","url":"https:\/\/projects.botanibot.com\/resiliatour\/app\/uploads\/2022\/02\/header_philosophie.jpg","contentUrl":"https:\/\/projects.botanibot.com\/resiliatour\/app\/uploads\/2022\/02\/header_philosophie.jpg"},{"@type":"BreadcrumbList","@id":"https:\/\/compolab.ch\/fr\/philosophie\/#breadcrumb","itemListElement":[{"@type":"ListItem","position":1,"name":"Startseite","item":"https:\/\/compolab.ch\/fr\/"},{"@type":"ListItem","position":2,"name":"Questions &#038; R\u00e9ponses"}]},{"@type":"WebSite","@id":"https:\/\/www.compolab.ch\/#website","url":"https:\/\/www.compolab.ch\/","name":"resiliatour","description":"resilienz st\u00e4rken, renforcer sa r\u00e9silience","publisher":{"@id":"https:\/\/www.compolab.ch\/#organization"},"potentialAction":[{"@type":"SearchAction","target":{"@type":"EntryPoint","urlTemplate":"https:\/\/www.compolab.ch\/?s={search_term_string}"},"query-input":{"@type":"PropertyValueSpecification","valueRequired":true,"valueName":"search_term_string"}}],"inLanguage":"fr-FR"},{"@type":"Organization","@id":"https:\/\/www.compolab.ch\/#organization","name":"resiliatour GmbH","url":"https:\/\/www.compolab.ch\/","logo":{"@type":"ImageObject","inLanguage":"fr-FR","@id":"https:\/\/www.compolab.ch\/#\/schema\/logo\/image\/","url":"https:\/\/resiliatour.ch\/app\/uploads\/2022\/02\/cropped-favicon.jpg","contentUrl":"https:\/\/resiliatour.ch\/app\/uploads\/2022\/02\/cropped-favicon.jpg","width":512,"height":512,"caption":"resiliatour GmbH"},"image":{"@id":"https:\/\/www.compolab.ch\/#\/schema\/logo\/image\/"},"sameAs":["https:\/\/facebook.com\/resiliatour","https:\/\/linkedin.com\/company\/resiliatour"]}]}},"_links":{"self":[{"href":"https:\/\/compolab.ch\/fr\/wp-json\/wp\/v2\/pages\/536","targetHints":{"allow":["GET"]}}],"collection":[{"href":"https:\/\/compolab.ch\/fr\/wp-json\/wp\/v2\/pages"}],"about":[{"href":"https:\/\/compolab.ch\/fr\/wp-json\/wp\/v2\/types\/page"}],"author":[{"embeddable":true,"href":"https:\/\/compolab.ch\/fr\/wp-json\/wp\/v2\/users\/2"}],"replies":[{"embeddable":true,"href":"https:\/\/compolab.ch\/fr\/wp-json\/wp\/v2\/comments?post=536"}],"version-history":[{"count":4,"href":"https:\/\/compolab.ch\/fr\/wp-json\/wp\/v2\/pages\/536\/revisions"}],"predecessor-version":[{"id":1379,"href":"https:\/\/compolab.ch\/fr\/wp-json\/wp\/v2\/pages\/536\/revisions\/1379"}],"wp:attachment":[{"href":"https:\/\/compolab.ch\/fr\/wp-json\/wp\/v2\/media?parent=536"}],"curies":[{"name":"wp","href":"https:\/\/api.w.org\/{rel}","templated":true}]}}